{"id":22,"date":"2022-01-05T04:47:14","date_gmt":"2022-01-05T04:47:14","guid":{"rendered":"http:\/\/ivanbaruch.com\/wordpress\/?page_id=22"},"modified":"2022-01-24T07:04:04","modified_gmt":"2022-01-24T07:04:04","slug":"infancia","status":"publish","type":"page","link":"https:\/\/ivanbaruch.com\/wordpress\/infancia\/","title":{"rendered":"Infancia y Adolescencia"},"content":{"rendered":"\n<p class=\"has-normal-font-size\"><strong>Atenci\u00f3n psicol\u00f3gica en la infancia<\/strong> y <strong>la adolescencia<\/strong>: Evaluaci\u00f3n e intervenci\u00f3n psicol\u00f3gica.<\/p>\n\n\n\n<p class=\"has-small-font-size\">Las causas subyacentes a los problemas de salud mental no siempre est\u00e1n a la vista. Es necesario el uso de los instrumentos y t\u00e9cnicas adecuadas para lograr comprender aquello que nos aparta del bienestar. El proceso de\u00a0<strong>evaluaci\u00f3n psicol\u00f3gica<\/strong>\u00a0en la infancia y adolescencia, tiene por objetivo conocer la situaci\u00f3n de salud mental de las personas menores de 21 a\u00f1os de edad, comprender las causas de aquello que motiva su consulta y los factores biol\u00f3gicos, sociales y psicol\u00f3gicos que mantienen tal situaci\u00f3n. De este modo, es posible establecer objetivos claros y programas de trabajo encaminados a recuperar la calidad de vida o alcanzar objetivos.<\/p>\n\n\n\n<p class=\"has-small-font-size\">Durante este proceso, el psic\u00f3logo te entrevistar\u00e1 y es muy probable que adem\u00e1s te pida llenar cuestionarios o realizar algunas tareas orientadas a conocerte mejor. Las t\u00e9cnicas, los instrumentos y la duraci\u00f3n de este proceso, var\u00edan en cada caso. Los resultados obtenidos, permiten establecer una hip\u00f3tesis que se revisa constantemente para mantener su validez y precisi\u00f3n. Dicha hip\u00f3tesis servir\u00e1 como gu\u00eda para dise\u00f1ar el trabajo que nos ayudar\u00e1 a resolver el motivo de consulta.<\/p>\n\n\n\n<p class=\"has-small-font-size\">Durante el\u00a0proceso de intervenci\u00f3n psicol\u00f3gica para menores de edad, ni\u00f1as, ni\u00f1os y adolescentes trabajar\u00e1n de la mano de su familia, maestros y el personal de salud usando t\u00e9cnicas\u00a0<strong>fundamentadas en evidencia cient\u00edfica<\/strong>. Las t\u00e9cnicas usadas en cada sesi\u00f3n, el n\u00famero y la frecuencia de las sesiones, var\u00edan en cada caso. Adem\u00e1s, es muy probable que el psic\u00f3logo prescriba algunas tareas que las personas usuarias de este servicio y sus familias tendr\u00e1n que hacer fuera del consultorio entre una sesi\u00f3n y otra. Finalmente, en algunos casos nuestro equipo de profesionales de la salud mental pedir\u00e1 que adem\u00e1s de la\u00a0intervenci\u00f3n psicol\u00f3gica, la familia busque la consulta en otras especialidades de la salud como: psiquiatr\u00eda, neurolog\u00eda, medicina familiar, logopedia, etc.<\/p>\n\n\n\n<p class=\"has-small-font-size\">En el Centro de Psicolog\u00eda y Neurociencia Cognitiva, contamos con instrumentos estandarizados y personal calificado para realizar evaluaciones psicol\u00f3gicas y neuropsicol\u00f3gicas en la infancia y la adolescencia.<\/p>\n\n\n\n<p class=\"has-normal-font-size\"><strong>Servicios que ofrecemos (Poblaci\u00f3n entre 6 y 21 a\u00f1os de edad)<\/strong><\/p>\n\n\n\n<p class=\"has-color-seven-color has-text-color has-background has-normal-font-size\" style=\"background-color:#052c4e\">1.- <strong>Consulta de psicolog\u00eda general en la infancia y la adolescencia.<\/strong><\/p>\n\n\n\n<ul class=\"has-color-three-color has-color-five-background-color has-text-color has-background wp-block-list\"><li><strong>Objetivo<\/strong>: <ul><li>Conocer el motivo de consulta y elaborar una hip\u00f3tesis preliminar que permita distinguir las t\u00e9cnicas de evaluaci\u00f3n o intervenci\u00f3n pertinentes para resolverlo.<\/li><\/ul><\/li><li><strong>Duraci\u00f3n<\/strong>\u00a0<strong>y costos<\/strong>: <ul><li>T\u00edpicamente, 1 sola sesi\u00f3n de 45 a 90 minutos.<\/li><li>Los costos asociados a este servicio se pueden consultar en la secci\u00f3n de <a rel=\"noreferrer noopener\" href=\"https:\/\/ivanbaruch.com\/wordpress\/?page_id=164\" target=\"_blank\">informaci\u00f3n general<\/a>\u00a0\u00a0<\/li><\/ul><\/li><li><strong>T\u00e9cnicas e instrumentos:<\/strong> <ul><li>Aunque la t\u00e9cnica principal es la entrevista semiestructurada, podr\u00edan emplearse otras en funci\u00f3n del motivo de consulta.<\/li><\/ul><\/li><li><strong>Casos en los que es \u00fatil:<\/strong> <ul><li>Primera consulta psicol\u00f3gica.<\/li><li>Segunda opini\u00f3n sobre un diagn\u00f3stico previo.<\/li><li>Consulta de temas espec\u00edficos sobre salud mental, bienestar o la educaci\u00f3n de los hijos.<\/li><\/ul><\/li><li><strong>Resultados<\/strong>: <ul><li>La familia es derivada a los servicios de evaluaci\u00f3n, diagn\u00f3stico e intervenci\u00f3n pertinentes dentro o fuera de CePsNeC. <\/li><li>Orientaci\u00f3n sobre el manejo del motivo de consulta.<\/li><\/ul><\/li><li><strong>Consideraciones y requerimientos:<\/strong>\u00a0<ul><li><strong>Este servicio no es adecuado para situaciones de emergencias en salud mental<\/strong>. por este motivo, las consultas no podr\u00e1n ser agendadas el mismo d\u00eda en el que se establezca el primer contacto. <\/li><li>Para garantizar la imparcialidad, las personas que acuden a consulta de segunda opini\u00f3n, no podr\u00e1n ser atendidas en CePsNeC o por sus colaboradores m\u00e1s all\u00e1 de las evaluaciones psicol\u00f3gicas que respondan el motivo de consulta. Adem\u00e1s, es recomendable que los procedimientos de segunda opini\u00f3n se lleven a cabo bajo el conocimiento del personal de salud a cargo del caso actualmente. <\/li><li>Si bien se trata de una consulta de atenci\u00f3n en la infancia y adolescencia, normalmente\u00a0a esta primera cita\u00a0solo acudir\u00e1 la madre, el padre o las personas responsables del cuidado de las ni\u00f1as, los ni\u00f1os o adolescentes\u00a0que recibir\u00e1n atenci\u00f3n.\u00a0<\/li><li><strong><em>Las personas menores de edad no pueden ser atendidas en CePsNeC si no vienen acompa\u00f1adas por quien ejerza la patria potestad o de qui\u00e9n demuestre actuar en su representaci\u00f3n (Sin excepciones, incluso de familiares en l\u00ednea directa, instituciones educativas o personas sin autorizaci\u00f3n expresa). Nos reservamos el derecho de alertar a las autoridades y tomar las acciones civiles o penales que nos resulten pertinentes cuando se solicite el servicio sin considerar esta cl\u00e1usula.<\/em><\/strong><\/li><\/ul><\/li><\/ul>\n\n\n\n<p class=\"has-text-color has-background\" style=\"background-color:#052c4e;color:#052c4e\">.<\/p>\n\n\n\n<p class=\"has-color-seven-color has-text-color has-background has-normal-font-size\" style=\"background-color:#06735c\">2.- <strong>Evaluaci\u00f3n de psicolog\u00eda general y neuropsicolog\u00eda en la infancia y la adolescencia<\/strong>.<\/p>\n\n\n\n<ul class=\"has-black-color has-color-five-background-color has-text-color has-background wp-block-list\"><li><strong>Objetivo<\/strong>: <ul><li>Conocer los factores predisponentes, desencadenantes y de mantenimiento relacionados con el motivo de consulta. <\/li><li>Elaborar una impresi\u00f3n diagn\u00f3stica basada en evidencias. <\/li><li>Trazar un plan de trabajo encaminado a resolver el motivo de consulta. <\/li><li>Integrar el expediente del cliente de acuerdo a la <em>NOM<\/em>-004-SSA3-2012<\/li><\/ul><\/li><li><strong>Duraci\u00f3n<\/strong> <strong>y costos:<\/strong> <ul><li>Variable. Dado que en muchos casos es necesaria la colaboraci\u00f3n de la familia, pero adem\u00e1s, del personal de la escuela donde estudia la ni\u00f1a o el ni\u00f1o y otras personas que conviven con ellos, suele ofrecerse el servicio de evaluaci\u00f3n psicol\u00f3gica ligado a un solo pago con todo incluido (Diversas entrevistas con pap\u00e1 o mam\u00e1, observaci\u00f3n conductual participante y no participante fuera del consultorio, pruebas estandarizadas, evaluaci\u00f3n de t\u00e9cnicas de intervenci\u00f3n en casa, informes, etc.) <\/li><li>Los costos asociados a este servicio se pueden consultar en la secci\u00f3n de <a rel=\"noreferrer noopener\" href=\"https:\/\/ivanbaruch.com\/wordpress\/?page_id=164\" target=\"_blank\">informaci\u00f3n general<\/a>\u00a0\u00a0<\/li><\/ul><\/li><li><strong>T\u00e9cnicas e instrumentos:<\/strong> <ul><li>Dependiendo del motivo de consulta podr\u00edan usarse algunas de las siguientes: <ul><li>Entrevistas estructuradas y semiestructuradas.<\/li><li>Auto-registros. <\/li><li>Bater\u00edas de pruebas estandarizadas. <\/li><li>Tareas cognitivas.<\/li><li>T\u00e9cnicas de observaci\u00f3n conductual.<\/li><li>Potenciales evocados relacionados a eventos.<\/li><li>Polisomnograf\u00eda.<\/li><\/ul><\/li><\/ul><\/li><li><strong>Casos en los que es \u00fatil:<\/strong> <ul><li>Es un proceso indispensable para resolver cualquier motivo de consulta que no puede ser resuelto en una sola sesi\u00f3n. <\/li><li>Ayuda a conocer desde una perspectiva cient\u00edfica, la situaci\u00f3n real de quienes consultan. <\/li><li>Responde sobre las habilidades y las \u00e1reas de oportunidad que tiene una persona para enfrentar situaciones espec\u00edficas en diversas \u00e1reas de su desarrollo.<\/li><\/ul><\/li><li><strong>Resultados<\/strong>: <ul><li>La familia recibe un informe comprensible sobre sus peticiones. <\/li><li>La familia es derivada a los servicios de intervenci\u00f3n psicol\u00f3gica, rehabilitaci\u00f3n, psiquiatr\u00eda y otros servicios de salud pertinentes dentro o fuera de CePsNeC.<\/li><\/ul><\/li><li><strong>Consideraciones y requerimientos:<\/strong> <ul><li>Hay requerimientos espec\u00edficos seg\u00fan las pruebas que se realicen. <\/li><li>El informe de los resultados se entrega \u00fanicamente a las personas evaluadas, a quien ejerza la patria potestad o a sus representantes legales acreditados. <\/li><li>La divulgaci\u00f3n total o parcial de los resultados a otras instituciones de salud, educativas, centros de investigaci\u00f3n, empresas o familiares, requiere de una autorizaci\u00f3n firmada por las personas que representen legalmente a las personas usuarias de este servicio.<\/li><li><strong><em>Las personas menores de edad no pueden ser atendidas en CePsNeC si no vienen acompa\u00f1adas por quien ejerza la patria potestad o de qui\u00e9n demuestre actuar en su representaci\u00f3n (Sin excepciones, incluso de familiares en l\u00ednea directa, instituciones educativas o personas sin autorizaci\u00f3n expresa). Nos reservamos el derecho de alertar a las autoridades y tomar las acciones civiles o penales que nos resulten pertinentes cuando se solicite el servicio sin considerar esta cl\u00e1usula.<\/em><\/strong><\/li><\/ul><\/li><\/ul>\n\n\n\n<p class=\"has-text-color has-background\" style=\"background-color:#06735c;color:#06735c\">.<\/p>\n\n\n\n<p class=\"has-color-seven-color has-luminous-vivid-amber-background-color has-text-color has-background has-normal-font-size\">3.- <strong>Prevenci\u00f3n de factores de riesgo y evaluaci\u00f3n de habilidades (Infancia y adolescencia)<\/strong><\/p>\n\n\n\n<ul class=\"has-black-color has-color-five-background-color has-text-color has-background wp-block-list\"><li><strong>Objetivo<\/strong>: <ul><li>Evaluar las habilidades y \u00e1reas de oportunidad en el desarrollo normal durante la infancia y la adolescencia.<\/li><li>Detecci\u00f3n de factores de riesgo y prevenci\u00f3n temprana de problemas de salud mental.<\/li><li>Detecci\u00f3n de altas capacidades intelectuales durante la infancia y la adolescencia.<\/li><\/ul><\/li><li><strong>Duraci\u00f3n\u00a0y costos: <\/strong><ul><li>Variable, t\u00edpicamente 3 a 5 sesiones en un periodo de 7 a 14 d\u00edas.<\/li><li>Los costos asociados a este servicio se pueden consultar en la secci\u00f3n de <a rel=\"noreferrer noopener\" href=\"https:\/\/ivanbaruch.com\/wordpress\/?page_id=164\" target=\"_blank\">informaci\u00f3n general<\/a>\u00a0\u00a0<\/li><\/ul><\/li><li><strong>T\u00e9cnicas e instrumentos:<\/strong><ul><li>Entrevistas semiestructuradas.<\/li><li>Bater\u00eda de pruebas estandarizadas.<\/li><li>Tareas cognitivas.<\/li><\/ul><\/li><li><strong>Casos en los que es \u00fatil:<\/strong> <ul><li>Es un proceso de evaluaci\u00f3n que sirve para conocer el nivel de desarrollo de una persona a lo largo de su infancia y adolescencia.<\/li><li>Puede servir como referencia para la familia y las instituciones educativas para tomar acciones encaminadas a <strong>prevenir<\/strong> problemas en el desarrollo, fortalecer habilidades y conductas espec\u00edficas y detectar factores de riesgo relacionados a problemas de salud mental en la infancia y la adolescencia.<\/li><\/ul><\/li><li><strong>Resultados<\/strong>: <ul><li>Informe psicol\u00f3gico basado en evidencias que explica de manera comprensible las fortalezas y las \u00e1reas de oportunidad en el desarrollo de una persona durante la infancia y la adolescencia.<\/li><\/ul><\/li><li><strong>Consideraciones y requerimientos:<\/strong> <ul><li>Este servicio est\u00e1 inspirado en el concepto de &#8220;prevenci\u00f3n universal&#8221; en salud mental planteado en el\u00a0<a rel=\"noreferrer noopener\" href=\"https:\/\/www.who.int\/mental_health\/evidence\/en\/prevention_of_mental_disorders_sr.pdf\" target=\"_blank\">Prevention of Mental Disorders Summary Report<\/a> (2004) de la Organizaci\u00f3n Mundial de la Salud. Por este motivo, CePsNeC otorga anualmente hasta 200 becas del 50% y 100 becas del 80% aplicables a la reducci\u00f3n de los costos asociados por esta evaluaci\u00f3n*<\/li><li>Adicionalmente, el personal docente y administrativo de las instituciones de educaci\u00f3n b\u00e1sica que atienden a poblaci\u00f3n en situaci\u00f3n de vulnerabilidad socioecon\u00f3mica, pueden solicitar la aplicaci\u00f3n gratuita de la evaluaci\u00f3n dentro de sus instalaciones para las familias de sus alumnos**<\/li><li>Hay requerimientos espec\u00edficos seg\u00fan las pruebas que se realicen. <\/li><\/ul><ul><li>El informe de los resultados se entrega \u00fanicamente a las personas evaluadas, a quien ejerza la patria potestad o a sus representantes legales acreditados. <\/li><li>La divulgaci\u00f3n total o parcial de los resultados a otras instituciones de salud, educativas, centros de investigaci\u00f3n, empresas o familiares, requiere de una autorizaci\u00f3n firmada por las personas que representen legalmente a las personas usuarias de este servicio.<\/li><li><strong><em>Las personas menores de edad no pueden ser atendidas en CePsNeC si no vienen acompa\u00f1adas por quien ejerza la patria potestad o de qui\u00e9n demuestre actuar en su representaci\u00f3n (Sin excepciones, incluso de familiares en l\u00ednea directa, instituciones educativas o personas sin autorizaci\u00f3n expresa). Nos reservamos el derecho de alertar a las autoridades y tomar las acciones civiles o penales que nos resulten pertinentes cuando se solicite el servicio sin considerar esta cl\u00e1usula.<\/em><\/strong><\/li><\/ul><\/li><\/ul>\n\n\n\n<p class=\"has-color-seven-color has-luminous-vivid-amber-background-color has-text-color has-background has-small-font-size\">* Las becas no est\u00e1n disponibles si se requiere de un informe a terceras personas.<\/p>\n\n\n\n<p class=\"has-color-seven-color has-luminous-vivid-amber-background-color has-text-color has-background has-small-font-size\">** Aplican restricciones de cobertura geogr\u00e1fica y disponibilidad de agenda.<\/p>\n\n\n\n<p class=\"has-color-seven-color has-text-color has-background\" style=\"background-color:#0876bb\">4.- <strong>Intervenci\u00f3n psicol\u00f3gica y neuropsicol\u00f3gica.<\/strong><\/p>\n\n\n\n<ul id=\"block-ad2e4dd4-0fc6-4729-9403-a4d3acd807d3\" class=\"has-color-three-color has-color-five-background-color has-text-color has-background has-normal-font-size wp-block-list\"><li><strong>Objetivo<\/strong>: <ul><li>Resolver el motivo de consulta del cliente.<\/li><\/ul><\/li><li><strong>Duraci\u00f3n<\/strong>\u00a0<strong>y costos<\/strong>: <ul><li>Variable, la mayor\u00eda de las intervenciones est\u00e1n dise\u00f1adas para 8 a 12 sesiones.<\/li><li>Los costos asociados a este servicio se pueden consultar en la secci\u00f3n de <a rel=\"noreferrer noopener\" href=\"https:\/\/ivanbaruch.com\/wordpress\/?page_id=164\" target=\"_blank\">informaci\u00f3n general<\/a>\u00a0\u00a0<\/li><\/ul><\/li><li><strong>T\u00e9cnicas e instrumentos:<\/strong>\u00a0<ul><li>En CePsNeC utilizamos \u00fanicamente modelos de intervenci\u00f3n basados en evidencia cient\u00edfica (tambi\u00e9n llamados\u00a0<em>bona-fide<\/em>\u00a0en la literatura cient\u00edfica). Algunos de estos modelos son:<ul><li>T\u00e9cnicas de modificaci\u00f3n de conducta basadas en el An\u00e1lisis Conductual Aplicado.<\/li><li>T\u00e9cnicas de Escuela Para Padres.<\/li><li>Terapia Cognitivo-Conductual para adolescentes (CBT)<\/li><li>Rehabilitaci\u00f3n Neuropsicol\u00f3gica.\u00a0\u00a0<\/li><\/ul><\/li><\/ul><\/li><li><strong>Casos en los que es \u00fatil:<\/strong>\u00a0Las t\u00e9cnicas de intervenci\u00f3n bona fide han demostrado su utilidad de manera muy s\u00f3lida en pr\u00e1cticamente cualquier condici\u00f3n de salud mental. Sin embargo, la especializaci\u00f3n de los colaboradores de CePsNeC permite su aplicaci\u00f3n en casos de:<ul><li><strong>Neurodesarrollo<\/strong>.<ul><li>Desarrollo del habla o el lenguaje <a rel=\"noreferrer noopener\" href=\"https:\/\/icd.who.int\/browse11\/l-m\/es#\/http%3a%2f%2fid.who.int%2ficd%2fentity%2f33269655\" target=\"_blank\">[Conocer m\u00e1s]<\/a> *<\/li><li>Trastornos del espectro autista <a rel=\"noreferrer noopener\" href=\"https:\/\/icd.who.int\/browse11\/l-m\/es#\/http%3a%2f%2fid.who.int%2ficd%2fentity%2f437815624\" target=\"_blank\">[Conocer m\u00e1s]<\/a> *<\/li><li>Aprendizaje y rendimiento escolar <a rel=\"noreferrer noopener\" href=\"https:\/\/icd.who.int\/browse11\/l-m\/es#\/http%3a%2f%2fid.who.int%2ficd%2fentity%2f2099676649\" target=\"_blank\">[Conocer m\u00e1s]<\/a> *<\/li><li>Atenci\u00f3n e hiperactividad\u00a0<a rel=\"noreferrer noopener\" href=\"https:\/\/icd.who.int\/browse11\/l-m\/es#\/http%3a%2f%2fid.who.int%2ficd%2fentity%2f821852937\" target=\"_blank\">[Conocer m\u00e1s]<\/a><\/li><\/ul><\/li><li><strong>Conducta alimentaria<\/strong>.<ul><li>Anorexia\u00a0<a rel=\"noreferrer noopener\" href=\"https:\/\/icd.who.int\/browse11\/l-m\/es#\/http%3a%2f%2fid.who.int%2ficd%2fentity%2f263852475\" target=\"_blank\">[Conocer m\u00e1s]<\/a><\/li><li>Bulimia\u00a0<a rel=\"noreferrer noopener\" href=\"https:\/\/icd.who.int\/browse11\/l-m\/es#\/http%3a%2f%2fid.who.int%2ficd%2fentity%2f509381842\" target=\"_blank\">[Conocer m\u00e1s]<\/a><\/li><li>Atrac\u00f3n\u00a0<a rel=\"noreferrer noopener\" href=\"https:\/\/icd.who.int\/browse11\/l-m\/es#\/http%3a%2f%2fid.who.int%2ficd%2fentity%2f1673294767\" target=\"_blank\">[Conocer m\u00e1s]<\/a><\/li><li>Pica\u00a0<a rel=\"noreferrer noopener\" href=\"https:\/\/icd.who.int\/browse11\/l-m\/es#\/http%3a%2f%2fid.who.int%2ficd%2fentity%2f833390860\" target=\"_blank\">[Conocer m\u00e1s]<\/a><\/li><li>Restricci\u00f3n de la ingesta\u00a0<a rel=\"noreferrer noopener\" href=\"https:\/\/icd.who.int\/browse11\/l-m\/es#\/http%3a%2f%2fid.who.int%2ficd%2fentity%2f1242188600\" target=\"_blank\">[Conocer m\u00e1s]<\/a><\/li><\/ul><\/li><\/ul><ul><li><strong>Conducta disruptiva<\/strong>.<ul><li>Comportamiento desafiante y oposicionista\u00a0<a rel=\"noreferrer noopener\" href=\"https:\/\/icd.who.int\/browse11\/l-m\/es#\/http%3a%2f%2fid.who.int%2ficd%2fentity%2f1487528823\" target=\"_blank\">[Conocer m\u00e1s]<\/a><\/li><\/ul><\/li><li><strong>Ansiedad y problemas relacionados con el miedo en adolescentes.<\/strong><ul><li>Ansiedad generalizada <a rel=\"noreferrer noopener\" href=\"https:\/\/icd.who.int\/browse11\/l-m\/es#\/http%3a%2f%2fid.who.int%2ficd%2fentity%2f1712535455\" target=\"_blank\">[Conocer m\u00e1s]<\/a><\/li><li>Fobias espec\u00edficas <a rel=\"noreferrer noopener\" href=\"https:\/\/icd.who.int\/browse11\/l-m\/es#\/http%3a%2f%2fid.who.int%2ficd%2fentity%2f239513569\" target=\"_blank\">[Conocer m\u00e1s]<\/a><\/li><li>P\u00e1nico\u00a0<a rel=\"noreferrer noopener\" href=\"https:\/\/icd.who.int\/browse11\/l-m\/es#\/http%3a%2f%2fid.who.int%2ficd%2fentity%2f56162827\" target=\"_blank\">[Conocer m\u00e1s]<\/a><\/li><li>Ansiedad social\u00a0<a rel=\"noreferrer noopener\" href=\"https:\/\/icd.who.int\/browse11\/l-m\/es#\/http%3a%2f%2fid.who.int%2ficd%2fentity%2f2062286624\" target=\"_blank\">[Conocer m\u00e1s]<\/a><\/li><li>Ansiedad por separaci\u00f3n y dependencia emocional\u00a0<a rel=\"noreferrer noopener\" href=\"https:\/\/icd.who.int\/browse11\/l-m\/es#\/http%3a%2f%2fid.who.int%2ficd%2fentity%2f830200631\" target=\"_blank\">[Conocer m\u00e1s]<\/a><\/li><\/ul><\/li><\/ul><ul><li><strong>Depresi\u00f3n en adolescentes<\/strong>.<ul><li>Depresi\u00f3n mayor\u00a0<a rel=\"noreferrer noopener\" href=\"https:\/\/icd.who.int\/browse11\/l-m\/es#\/http%3a%2f%2fid.who.int%2ficd%2fentity%2f1563440232\" target=\"_blank\">[Conocer m\u00e1s]<\/a><\/li><li>Episodios depresivos\u00a0<a rel=\"noreferrer noopener\" href=\"https:\/\/icd.who.int\/browse11\/l-m\/es#\/http%3a%2f%2fid.who.int%2ficd%2fentity%2f496273089\" target=\"_blank\">[Conocer m\u00e1s]<\/a><\/li><\/ul><\/li><\/ul><\/li><li><strong>Resultados<\/strong>:\u00a0<ul><li>Eliminar o reducir la intensidad y frecuencia de las conductas manifiestas y privadas que predisponen, mantienen y desencadenan la situaci\u00f3n que motiva a las personas a consultar al psic\u00f3logo (pensamientos, respuestas emocionales, sentimientos, atribuciones, expectativas y comportamientos observables). <\/li><\/ul><ul><li>En t\u00e9rminos generales, se puede esperar un cambio positivo en la salud mental, la autoestima, las relaciones interpersonales y la manera como las personas responden a los retos de la vida diaria.<\/li><\/ul><\/li><li><strong>Consideraciones y requerimientos:<\/strong>\u00a0<ul><li>Es necesario pasar por un proceso de evaluaci\u00f3n psicol\u00f3gica <strong>basado en evidencias<\/strong> antes de iniciar la intervenci\u00f3n. Bajo esta condici\u00f3n, aceptamos las evaluaciones elaboradas en CePsNeC o cualquier otro centro de salud mental o consultorios p\u00fablicos o privados. <\/li><\/ul><ul><li>Siguiendo los protocolos internacionales, en algunos casos la intervenci\u00f3n psicol\u00f3gica se llevar\u00e1 a la par de la interconsulta con otros profesionales como psiquiatras, neur\u00f3logos, m\u00e9dicos de familia y otras personas especialistas en temas espec\u00edficos de salud mental.<\/li><li>La intervenci\u00f3n o rehabilitaci\u00f3n en las condiciones de salud se\u00f1aladas con un asterisco (*) depende de la disponibilidad de profesionales de la logopedia, pedagog\u00eda, educaci\u00f3n especial y t\u00e9cnicos ABA\u00ae que colaboran de manera externa con CePsNeC. Consulte la disponibilidad del servicio.\u00a0<\/li><\/ul><\/li><\/ul>\n\n\n\n<p class=\"has-text-color has-background\" style=\"background-color:#0876bb;color:#0876bb\">.<\/p>\n\n\n\n<p class=\"has-very-light-gray-color has-very-dark-gray-background-color has-text-color has-background has-medium-font-size\"><strong>Tel\u00e9fono \/ WhatsApp: 44 42 02 27 42<\/strong> <\/p>\n\n\n\n<p class=\"has-very-light-gray-color has-very-dark-gray-background-color has-text-color has-background has-small-font-size\">Este documento tiene por objetivo orientar al p\u00fablico sobre el proceso general de evaluaci\u00f3n y orientaci\u00f3n psicol\u00f3gica de una manera accesible. No contiene informaci\u00f3n t\u00e9cnica, descripciones operativas, ni usa los formatos y protocolos propios de las ciencias de la conducta. No debe ser tomado como un documento de utilidad acad\u00e9mica. Los v\u00ednculos a las fichas t\u00e9cnicas de diversas condiciones de salud mental, no permiten establecer un diagn\u00f3stico sin los procedimientos adecuados, se presentan en esta p\u00e1gina como una herramienta de orientaci\u00f3n general.  Queda prohibida la reproducci\u00f3n total o parcial de este contenido. <\/p>\n\n\n\n<p><\/p>\n","protected":false},"excerpt":{"rendered":"<p>Atenci\u00f3n psicol\u00f3gica en la infancia y la adolescencia: Evaluaci\u00f3n e intervenci\u00f3n psicol\u00f3gica. Las causas subyacentes a los problemas de salud mental no siempre est\u00e1n a la vista. Es necesario el uso de los instrumentos y t\u00e9cnicas adecuadas para lograr comprender aquello que nos aparta del bienestar. El proceso de\u00a0evaluaci\u00f3n psicol\u00f3gica\u00a0en la infancia y adolescencia, tiene [&hellip;]<\/p>\n","protected":false},"author":1,"featured_media":0,"parent":0,"menu_order":0,"comment_status":"closed","ping_status":"closed","template":"","meta":{"footnotes":""},"class_list":["post-22","page","type-page","status-publish","hentry"],"_links":{"self":[{"href":"https:\/\/ivanbaruch.com\/wordpress\/wp-json\/wp\/v2\/pages\/22","targetHints":{"allow":["GET"]}}],"collection":[{"href":"https:\/\/ivanbaruch.com\/wordpress\/wp-json\/wp\/v2\/pages"}],"about":[{"href":"https:\/\/ivanbaruch.com\/wordpress\/wp-json\/wp\/v2\/types\/page"}],"author":[{"embeddable":true,"href":"https:\/\/ivanbaruch.com\/wordpress\/wp-json\/wp\/v2\/users\/1"}],"replies":[{"embeddable":true,"href":"https:\/\/ivanbaruch.com\/wordpress\/wp-json\/wp\/v2\/comments?post=22"}],"version-history":[{"count":12,"href":"https:\/\/ivanbaruch.com\/wordpress\/wp-json\/wp\/v2\/pages\/22\/revisions"}],"predecessor-version":[{"id":337,"href":"https:\/\/ivanbaruch.com\/wordpress\/wp-json\/wp\/v2\/pages\/22\/revisions\/337"}],"wp:attachment":[{"href":"https:\/\/ivanbaruch.com\/wordpress\/wp-json\/wp\/v2\/media?parent=22"}],"curies":[{"name":"wp","href":"https:\/\/api.w.org\/{rel}","templated":true}]}}