{"id":23,"date":"2022-01-05T04:47:14","date_gmt":"2022-01-05T04:47:14","guid":{"rendered":"http:\/\/ivanbaruch.com\/wordpress\/?page_id=23"},"modified":"2024-02-13T07:19:03","modified_gmt":"2024-02-13T07:19:03","slug":"blog","status":"publish","type":"page","link":"https:\/\/ivanbaruch.com\/wordpress\/blog\/","title":{"rendered":"Blog"},"content":{"rendered":"\n<figure class=\"wp-block-embed is-type-wp-embed is-provider-centro-de-psicolog-a-y-neurociencia-cognitiva wp-block-embed-centro-de-psicolog-a-y-neurociencia-cognitiva\"><div class=\"wp-block-embed__wrapper\">\n<blockquote class=\"wp-embedded-content\" data-secret=\"gz6QCML0Kq\"><a href=\"https:\/\/ivanbaruch.com\/wordpress\/01-2\/\">\u00bfCu\u00e1ndo ir al psic\u00f3logo?<\/a><\/blockquote><iframe loading=\"lazy\" class=\"wp-embedded-content\" sandbox=\"allow-scripts\" security=\"restricted\" style=\"position: absolute; clip: rect(1px, 1px, 1px, 1px);\" title=\"&#8220;\u00bfCu\u00e1ndo ir al psic\u00f3logo?&#8221; &#8212; Centro de Psicolog\u00eda y Neurociencia Cognitiva\" src=\"https:\/\/ivanbaruch.com\/wordpress\/01-2\/embed\/#?secret=D1wZqaCF0G#?secret=gz6QCML0Kq\" data-secret=\"gz6QCML0Kq\" width=\"600\" height=\"338\" frameborder=\"0\" marginwidth=\"0\" marginheight=\"0\" scrolling=\"no\"><\/iframe>\n<\/div><\/figure>\n\n\n\n<p class=\"has-color-seven-color has-text-color\">.<\/p>\n\n\n\n<figure class=\"wp-block-embed is-type-wp-embed is-provider-centro-de-psicolog-a-y-neurociencia-cognitiva wp-block-embed-centro-de-psicolog-a-y-neurociencia-cognitiva\"><div class=\"wp-block-embed__wrapper\">\n<blockquote class=\"wp-embedded-content\" data-secret=\"7UVykiWLzL\"><a href=\"https:\/\/ivanbaruch.com\/wordpress\/parejas\/\">Terapia de Pareja en San Luis Potos\u00ed<\/a><\/blockquote><iframe loading=\"lazy\" class=\"wp-embedded-content\" sandbox=\"allow-scripts\" security=\"restricted\" style=\"position: absolute; clip: rect(1px, 1px, 1px, 1px);\" title=\"&#8220;Terapia de Pareja en San Luis Potos\u00ed&#8221; &#8212; Centro de Psicolog\u00eda y Neurociencia Cognitiva\" src=\"https:\/\/ivanbaruch.com\/wordpress\/parejas\/embed\/#?secret=lzwogyjS46#?secret=7UVykiWLzL\" data-secret=\"7UVykiWLzL\" width=\"600\" height=\"338\" frameborder=\"0\" marginwidth=\"0\" marginheight=\"0\" scrolling=\"no\"><\/iframe>\n<\/div><\/figure>\n\n\n\n<p class=\"has-color-seven-color has-text-color\">.<\/p>\n\n\n\n<figure class=\"wp-block-embed is-type-wp-embed is-provider-centro-de-psicolog-a-y-neurociencia-cognitiva wp-block-embed-centro-de-psicolog-a-y-neurociencia-cognitiva\"><div class=\"wp-block-embed__wrapper\">\n<blockquote class=\"wp-embedded-content\" data-secret=\"qLOZ3DSUef\"><a href=\"https:\/\/ivanbaruch.com\/wordpress\/prevencion-del-suicidio-en-la-infancia-y-adolescencia\/\">Blog: Prevenci\u00f3n del suicidio en la infancia y adolescencia<\/a><\/blockquote><iframe loading=\"lazy\" class=\"wp-embedded-content\" sandbox=\"allow-scripts\" security=\"restricted\" style=\"position: absolute; clip: rect(1px, 1px, 1px, 1px);\" title=\"&#8220;Blog: Prevenci\u00f3n del suicidio en la infancia y adolescencia&#8221; &#8212; Centro de Psicolog\u00eda y Neurociencia Cognitiva\" src=\"https:\/\/ivanbaruch.com\/wordpress\/prevencion-del-suicidio-en-la-infancia-y-adolescencia\/embed\/#?secret=aJjROjpL77#?secret=qLOZ3DSUef\" data-secret=\"qLOZ3DSUef\" width=\"600\" height=\"338\" frameborder=\"0\" marginwidth=\"0\" marginheight=\"0\" scrolling=\"no\"><\/iframe>\n<\/div><\/figure>\n\n\n\n<p class=\"has-color-seven-color has-text-color\">.<\/p>\n\n\n\n<figure class=\"wp-block-embed is-type-wp-embed is-provider-centro-de-psicolog-a-y-neurociencia-cognitiva wp-block-embed-centro-de-psicolog-a-y-neurociencia-cognitiva\"><div class=\"wp-block-embed__wrapper\">\n<blockquote class=\"wp-embedded-content\" data-secret=\"N5QRQcwlrj\"><a href=\"https:\/\/ivanbaruch.com\/wordpress\/blog-toma-de-decisiones-evaluacion-de-riesgos\/\">Blog: Toma de decisiones: Evaluaci\u00f3n de riesgos<\/a><\/blockquote><iframe loading=\"lazy\" class=\"wp-embedded-content\" sandbox=\"allow-scripts\" security=\"restricted\" style=\"position: absolute; clip: rect(1px, 1px, 1px, 1px);\" title=\"&#8220;Blog: Toma de decisiones: Evaluaci\u00f3n de riesgos&#8221; &#8212; Centro de Psicolog\u00eda y Neurociencia Cognitiva\" src=\"https:\/\/ivanbaruch.com\/wordpress\/blog-toma-de-decisiones-evaluacion-de-riesgos\/embed\/#?secret=6RjbQXY7fM#?secret=N5QRQcwlrj\" data-secret=\"N5QRQcwlrj\" width=\"600\" height=\"338\" frameborder=\"0\" marginwidth=\"0\" marginheight=\"0\" scrolling=\"no\"><\/iframe>\n<\/div><\/figure>\n","protected":false},"excerpt":{"rendered":"<p>. . .<\/p>\n","protected":false},"author":1,"featured_media":0,"parent":0,"menu_order":0,"comment_status":"closed","ping_status":"closed","template":"","meta":{"footnotes":""},"class_list":["post-23","page","type-page","status-publish","hentry"],"_links":{"self":[{"href":"https:\/\/ivanbaruch.com\/wordpress\/wp-json\/wp\/v2\/pages\/23","targetHints":{"allow":["GET"]}}],"collection":[{"href":"https:\/\/ivanbaruch.com\/wordpress\/wp-json\/wp\/v2\/pages"}],"about":[{"href":"https:\/\/ivanbaruch.com\/wordpress\/wp-json\/wp\/v2\/types\/page"}],"author":[{"embeddable":true,"href":"https:\/\/ivanbaruch.com\/wordpress\/wp-json\/wp\/v2\/users\/1"}],"replies":[{"embeddable":true,"href":"https:\/\/ivanbaruch.com\/wordpress\/wp-json\/wp\/v2\/comments?post=23"}],"version-history":[{"count":11,"href":"https:\/\/ivanbaruch.com\/wordpress\/wp-json\/wp\/v2\/pages\/23\/revisions"}],"predecessor-version":[{"id":875,"href":"https:\/\/ivanbaruch.com\/wordpress\/wp-json\/wp\/v2\/pages\/23\/revisions\/875"}],"wp:attachment":[{"href":"https:\/\/ivanbaruch.com\/wordpress\/wp-json\/wp\/v2\/media?parent=23"}],"curies":[{"name":"wp","href":"https:\/\/api.w.org\/{rel}","templated":true}]}}